{"id":975,"date":"2022-06-21T21:05:24","date_gmt":"2022-06-21T19:05:24","guid":{"rendered":"https:\/\/dev.semco.rwigo.dev\/accueil\/"},"modified":"2026-01-09T09:09:58","modified_gmt":"2026-01-09T08:09:58","slug":"accueil","status":"publish","type":"page","link":"https:\/\/www.semco-tech.com\/fr\/","title":{"rendered":"SEMCO Technologies &#8211; accueil"},"content":{"rendered":"\r\n<p>Ceci est une page d&rsquo;exemple. C&rsquo;est diff\u00e9rent d&rsquo;un article de blog parce qu&rsquo;elle restera au m\u00eame endroit et appara\u00eetra dans la navigation de votre site (dans la plupart des th\u00e8mes). La plupart des gens commencent par une page \u00a0\u00bb \u00c0 propos \u00a0\u00bb qui les pr\u00e9sente aux personnes visitant le site. Cela pourrait ressembler \u00e0 quelque chose comme cela :<\/p>\r\n\r\n\r\n\r\n<blockquote class=\"wp-block-quote is-layout-flow wp-block-quote-is-layout-flow\">\r\n<p>Bonjour ! Je suis un m\u00e9canicien qui aspire \u00e0 devenir acteur, et voici mon site. J&rsquo;habite \u00e0 Bordeaux, j&rsquo;ai un super chien baptis\u00e9 Russell, et j&rsquo;aime la vodka (ainsi qu&rsquo;\u00eatre surpris par la pluie soudaine lors de longues balades sur la plage au coucher du soleil).<\/p>\r\n<\/blockquote>\r\n\r\n\r\n\r\n<p>&#8230;ou quelque chose comme cela :<\/p>\r\n\r\n\r\n\r\n<blockquote class=\"wp-block-quote is-layout-flow wp-block-quote-is-layout-flow\">\r\n<p>La soci\u00e9t\u00e9 123 Machin Truc a \u00e9t\u00e9 cr\u00e9\u00e9e en 1971, et n&rsquo;a cess\u00e9 de proposer au public des machins-trucs de qualit\u00e9 depuis lors. Situ\u00e9e \u00e0 Saint-Remy-en-Bouzemont-Saint-Genest-et-Isson, 123 Machin Truc emploie 2 000 personnes, et fabrique toutes sortes de bidules supers pour la communaut\u00e9 bouzemontoise.<\/p>\r\n<\/blockquote>\r\n\r\n\r\n\r\n<p>En tant que nouvel utilisateur ou utilisatrice de WordPress, vous devriez vous rendre sur <a href=\"https:\/\/192.168.1.64\/ecm\/wordpress\/wp-admin\/\">votre tableau de bord<\/a> pour supprimer cette page et cr\u00e9er de nouvelles pages pour votre contenu. Amusez-vous bien !<\/p>\r\n","protected":false},"excerpt":{"rendered":"<p>Ceci est une page d&rsquo;exemple. C&rsquo;est diff\u00e9rent d&rsquo;un article de blog parce qu&rsquo;elle restera au m\u00eame endroit et appara\u00eetra dans la navigation de votre site (dans la plupart des th\u00e8mes). La plupart des gens commencent par une page \u00a0\u00bb \u00c0 propos \u00a0\u00bb qui les pr\u00e9sente aux personnes visitant le site. Cela pourrait ressembler \u00e0 quelque &hellip; <a href=\"https:\/\/www.semco-tech.com\/fr\/\">Continued<\/a><\/p>\n","protected":false},"author":25,"featured_media":0,"parent":0,"menu_order":0,"comment_status":"closed","ping_status":"closed","template":"basic.blade.php","meta":{"_acf_changed":false,"inline_featured_image":false,"footnotes":""},"class_list":["post-975","page","type-page","status-publish","hentry"],"acf":[],"yoast_head":"<!-- This site is optimized with the Yoast SEO plugin v26.9 - https:\/\/yoast.com\/product\/yoast-seo-wordpress\/ -->\n<title>SEMCO Technologies | Les experts du Chuck Electrostatique<\/title>\n<meta name=\"description\" content=\"Solutions avanc\u00e9es de Chuck \u00e9lectrostatique de pr\u00e9cision. Nous fournissons une technologie de pointe pour vos besoins de production.\" \/>\n<meta name=\"robots\" content=\"index, follow, max-snippet:-1, max-image-preview:large, max-video-preview:-1\" \/>\n<link rel=\"canonical\" href=\"https:\/\/www.semco-tech.com\/fr\/\" \/>\n<meta property=\"og:locale\" content=\"fr_FR\" \/>\n<meta property=\"og:type\" content=\"article\" \/>\n<meta property=\"og:title\" content=\"SEMCO Technologies | Les experts du Chuck Electrostatique\" \/>\n<meta property=\"og:description\" content=\"Solutions avanc\u00e9es de Chuck \u00e9lectrostatique de pr\u00e9cision. Nous fournissons une technologie de pointe pour vos besoins de production.\" \/>\n<meta property=\"og:url\" content=\"https:\/\/www.semco-tech.com\/fr\/\" \/>\n<meta property=\"og:site_name\" content=\"Semco\" \/>\n<meta property=\"article:modified_time\" content=\"2026-01-09T08:09:58+00:00\" \/>\n<meta property=\"og:image\" content=\"https:\/\/www.semco-tech.com\/wp-content\/uploads\/sites\/2\/2025\/03\/chuck-semco.webp\" \/>\n\t<meta property=\"og:image:width\" content=\"504\" \/>\n\t<meta property=\"og:image:height\" content=\"504\" \/>\n\t<meta property=\"og:image:type\" content=\"image\/webp\" \/>\n<meta name=\"twitter:card\" content=\"summary_large_image\" \/>\n<meta name=\"twitter:label1\" content=\"Dur\u00e9e de lecture estim\u00e9e\" \/>\n\t<meta name=\"twitter:data1\" content=\"6 minutes\" \/>\n<script type=\"application\/ld+json\" class=\"yoast-schema-graph\">{\"@context\":\"https:\/\/schema.org\",\"@graph\":[{\"@type\":\"WebPage\",\"@id\":\"https:\/\/www.semco-tech.com\/fr\/\",\"url\":\"https:\/\/www.semco-tech.com\/fr\/\",\"name\":\"SEMCO Technologies | Les experts du Chuck Electrostatique\",\"isPartOf\":{\"@id\":\"https:\/\/www.semco-tech.com\/fr\/#website\"},\"datePublished\":\"2022-06-21T19:05:24+00:00\",\"dateModified\":\"2026-01-09T08:09:58+00:00\",\"description\":\"Solutions avanc\u00e9es de Chuck \u00e9lectrostatique de pr\u00e9cision. Nous fournissons une technologie de pointe pour vos besoins de production.\",\"breadcrumb\":{\"@id\":\"https:\/\/www.semco-tech.com\/fr\/#breadcrumb\"},\"inLanguage\":\"fr-FR\",\"potentialAction\":[{\"@type\":\"ReadAction\",\"target\":[\"https:\/\/www.semco-tech.com\/fr\/\"]}]},{\"@type\":\"BreadcrumbList\",\"@id\":\"https:\/\/www.semco-tech.com\/fr\/#breadcrumb\",\"itemListElement\":[{\"@type\":\"ListItem\",\"position\":1,\"name\":\"Home\",\"item\":\"https:\/\/www.semco-tech.com\/fr\/\"},{\"@type\":\"ListItem\",\"position\":2,\"name\":\"SEMCO Technologies &#8211; accueil\"}]},{\"@type\":\"WebSite\",\"@id\":\"https:\/\/www.semco-tech.com\/fr\/#website\",\"url\":\"https:\/\/www.semco-tech.com\/fr\/\",\"name\":\"Semco\",\"description\":\"Semco\",\"publisher\":{\"@id\":\"https:\/\/www.semco-tech.com\/fr\/#organization\"},\"potentialAction\":[{\"@type\":\"SearchAction\",\"target\":{\"@type\":\"EntryPoint\",\"urlTemplate\":\"https:\/\/www.semco-tech.com\/fr\/?s={search_term_string}\"},\"query-input\":{\"@type\":\"PropertyValueSpecification\",\"valueRequired\":true,\"valueName\":\"search_term_string\"}}],\"inLanguage\":\"fr-FR\"},{\"@type\":\"Organization\",\"@id\":\"https:\/\/www.semco-tech.com\/fr\/#organization\",\"name\":\"Semco\",\"url\":\"https:\/\/www.semco-tech.com\/fr\/\",\"logo\":{\"@type\":\"ImageObject\",\"inLanguage\":\"fr-FR\",\"@id\":\"https:\/\/www.semco-tech.com\/fr\/#\/schema\/logo\/image\/\",\"url\":\"https:\/\/www.semco-tech.com\/wp-content\/uploads\/sites\/2\/2025\/01\/SEMCO_color-2.svg\",\"contentUrl\":\"https:\/\/www.semco-tech.com\/wp-content\/uploads\/sites\/2\/2025\/01\/SEMCO_color-2.svg\",\"width\":152,\"height\":50,\"caption\":\"Semco\"},\"image\":{\"@id\":\"https:\/\/www.semco-tech.com\/fr\/#\/schema\/logo\/image\/\"}}]}<\/script>\n<!-- \/ Yoast SEO plugin. -->","yoast_head_json":{"title":"SEMCO Technologies | Les experts du Chuck Electrostatique","description":"Solutions avanc\u00e9es de Chuck \u00e9lectrostatique de pr\u00e9cision. Nous fournissons une technologie de pointe pour vos besoins de production.","robots":{"index":"index","follow":"follow","max-snippet":"max-snippet:-1","max-image-preview":"max-image-preview:large","max-video-preview":"max-video-preview:-1"},"canonical":"https:\/\/www.semco-tech.com\/fr\/","og_locale":"fr_FR","og_type":"article","og_title":"SEMCO Technologies | Les experts du Chuck Electrostatique","og_description":"Solutions avanc\u00e9es de Chuck \u00e9lectrostatique de pr\u00e9cision. Nous fournissons une technologie de pointe pour vos besoins de production.","og_url":"https:\/\/www.semco-tech.com\/fr\/","og_site_name":"Semco","article_modified_time":"2026-01-09T08:09:58+00:00","og_image":[{"width":504,"height":504,"url":"https:\/\/www.semco-tech.com\/wp-content\/uploads\/sites\/2\/2025\/03\/chuck-semco.webp","type":"image\/webp"}],"twitter_card":"summary_large_image","twitter_misc":{"Dur\u00e9e de lecture estim\u00e9e":"6 minutes"},"schema":{"@context":"https:\/\/schema.org","@graph":[{"@type":"WebPage","@id":"https:\/\/www.semco-tech.com\/fr\/","url":"https:\/\/www.semco-tech.com\/fr\/","name":"SEMCO Technologies | Les experts du Chuck Electrostatique","isPartOf":{"@id":"https:\/\/www.semco-tech.com\/fr\/#website"},"datePublished":"2022-06-21T19:05:24+00:00","dateModified":"2026-01-09T08:09:58+00:00","description":"Solutions avanc\u00e9es de Chuck \u00e9lectrostatique de pr\u00e9cision. Nous fournissons une technologie de pointe pour vos besoins de production.","breadcrumb":{"@id":"https:\/\/www.semco-tech.com\/fr\/#breadcrumb"},"inLanguage":"fr-FR","potentialAction":[{"@type":"ReadAction","target":["https:\/\/www.semco-tech.com\/fr\/"]}]},{"@type":"BreadcrumbList","@id":"https:\/\/www.semco-tech.com\/fr\/#breadcrumb","itemListElement":[{"@type":"ListItem","position":1,"name":"Home","item":"https:\/\/www.semco-tech.com\/fr\/"},{"@type":"ListItem","position":2,"name":"SEMCO Technologies &#8211; accueil"}]},{"@type":"WebSite","@id":"https:\/\/www.semco-tech.com\/fr\/#website","url":"https:\/\/www.semco-tech.com\/fr\/","name":"Semco","description":"Semco","publisher":{"@id":"https:\/\/www.semco-tech.com\/fr\/#organization"},"potentialAction":[{"@type":"SearchAction","target":{"@type":"EntryPoint","urlTemplate":"https:\/\/www.semco-tech.com\/fr\/?s={search_term_string}"},"query-input":{"@type":"PropertyValueSpecification","valueRequired":true,"valueName":"search_term_string"}}],"inLanguage":"fr-FR"},{"@type":"Organization","@id":"https:\/\/www.semco-tech.com\/fr\/#organization","name":"Semco","url":"https:\/\/www.semco-tech.com\/fr\/","logo":{"@type":"ImageObject","inLanguage":"fr-FR","@id":"https:\/\/www.semco-tech.com\/fr\/#\/schema\/logo\/image\/","url":"https:\/\/www.semco-tech.com\/wp-content\/uploads\/sites\/2\/2025\/01\/SEMCO_color-2.svg","contentUrl":"https:\/\/www.semco-tech.com\/wp-content\/uploads\/sites\/2\/2025\/01\/SEMCO_color-2.svg","width":152,"height":50,"caption":"Semco"},"image":{"@id":"https:\/\/www.semco-tech.com\/fr\/#\/schema\/logo\/image\/"}}]}},"_links":{"self":[{"href":"https:\/\/www.semco-tech.com\/fr\/wp-json\/wp\/v2\/pages\/975","targetHints":{"allow":["GET"]}}],"collection":[{"href":"https:\/\/www.semco-tech.com\/fr\/wp-json\/wp\/v2\/pages"}],"about":[{"href":"https:\/\/www.semco-tech.com\/fr\/wp-json\/wp\/v2\/types\/page"}],"author":[{"embeddable":true,"href":"https:\/\/www.semco-tech.com\/fr\/wp-json\/wp\/v2\/users\/25"}],"replies":[{"embeddable":true,"href":"https:\/\/www.semco-tech.com\/fr\/wp-json\/wp\/v2\/comments?post=975"}],"version-history":[{"count":16,"href":"https:\/\/www.semco-tech.com\/fr\/wp-json\/wp\/v2\/pages\/975\/revisions"}],"predecessor-version":[{"id":5162,"href":"https:\/\/www.semco-tech.com\/fr\/wp-json\/wp\/v2\/pages\/975\/revisions\/5162"}],"wp:attachment":[{"href":"https:\/\/www.semco-tech.com\/fr\/wp-json\/wp\/v2\/media?parent=975"}],"curies":[{"name":"wp","href":"https:\/\/api.w.org\/{rel}","templated":true}]}}