{"id":982,"date":"2022-06-21T23:38:50","date_gmt":"2022-06-21T21:38:50","guid":{"rendered":"https:\/\/dev.semco.rwigo.dev\/notre-entreprise\/"},"modified":"2026-01-09T09:47:33","modified_gmt":"2026-01-09T08:47:33","slug":"notre-entreprise","status":"publish","type":"page","link":"https:\/\/www.semco-tech.com\/fr\/notre-entreprise\/","title":{"rendered":"Notre entreprise"},"content":{"rendered":"","protected":false},"excerpt":{"rendered":"","protected":false},"author":25,"featured_media":0,"parent":0,"menu_order":0,"comment_status":"closed","ping_status":"closed","template":"basic.blade.php","meta":{"_acf_changed":false,"inline_featured_image":false,"footnotes":""},"class_list":["post-982","page","type-page","status-publish","hentry"],"acf":[],"yoast_head":"<!-- This site is optimized with the Yoast SEO plugin v26.9 - https:\/\/yoast.com\/product\/yoast-seo-wordpress\/ -->\n<title>Notre entreprise | Histoire, valeurs &amp; expertises | SEMCO<\/title>\n<meta name=\"description\" content=\"SEMCO est un acteur cl\u00e9 de l&#039;industrie des semi-conducteurs gr\u00e2ce \u00e0 ses innovations. D\u00e9couvrez en plus sur l&#039;entreprise.\" \/>\n<meta name=\"robots\" content=\"index, follow, max-snippet:-1, max-image-preview:large, max-video-preview:-1\" \/>\n<link rel=\"canonical\" href=\"https:\/\/www.semco-tech.com\/fr\/notre-entreprise\/\" \/>\n<meta property=\"og:locale\" content=\"fr_FR\" \/>\n<meta property=\"og:type\" content=\"article\" \/>\n<meta property=\"og:title\" content=\"Notre entreprise | Histoire, valeurs &amp; expertises | SEMCO\" \/>\n<meta property=\"og:description\" content=\"SEMCO est un acteur cl\u00e9 de l&#039;industrie des semi-conducteurs gr\u00e2ce \u00e0 ses innovations. D\u00e9couvrez en plus sur l&#039;entreprise.\" \/>\n<meta property=\"og:url\" content=\"https:\/\/www.semco-tech.com\/fr\/notre-entreprise\/\" \/>\n<meta property=\"og:site_name\" content=\"Semco\" \/>\n<meta property=\"article:modified_time\" content=\"2026-01-09T08:47:33+00:00\" \/>\n<meta name=\"twitter:card\" content=\"summary_large_image\" \/>\n<meta name=\"twitter:label1\" content=\"Dur\u00e9e de lecture estim\u00e9e\" \/>\n\t<meta name=\"twitter:data1\" content=\"6 minutes\" \/>\n<script type=\"application\/ld+json\" class=\"yoast-schema-graph\">{\"@context\":\"https:\/\/schema.org\",\"@graph\":[{\"@type\":\"WebPage\",\"@id\":\"https:\/\/www.semco-tech.com\/fr\/notre-entreprise\/\",\"url\":\"https:\/\/www.semco-tech.com\/fr\/notre-entreprise\/\",\"name\":\"Notre entreprise | Histoire, valeurs & expertises | SEMCO\",\"isPartOf\":{\"@id\":\"https:\/\/www.semco-tech.com\/fr\/#website\"},\"datePublished\":\"2022-06-21T21:38:50+00:00\",\"dateModified\":\"2026-01-09T08:47:33+00:00\",\"description\":\"SEMCO est un acteur cl\u00e9 de l'industrie des semi-conducteurs gr\u00e2ce \u00e0 ses innovations. D\u00e9couvrez en plus sur l'entreprise.\",\"breadcrumb\":{\"@id\":\"https:\/\/www.semco-tech.com\/fr\/notre-entreprise\/#breadcrumb\"},\"inLanguage\":\"fr-FR\",\"potentialAction\":[{\"@type\":\"ReadAction\",\"target\":[\"https:\/\/www.semco-tech.com\/fr\/notre-entreprise\/\"]}]},{\"@type\":\"BreadcrumbList\",\"@id\":\"https:\/\/www.semco-tech.com\/fr\/notre-entreprise\/#breadcrumb\",\"itemListElement\":[{\"@type\":\"ListItem\",\"position\":1,\"name\":\"Home\",\"item\":\"https:\/\/www.semco-tech.com\/fr\/\"},{\"@type\":\"ListItem\",\"position\":2,\"name\":\"Notre entreprise\"}]},{\"@type\":\"WebSite\",\"@id\":\"https:\/\/www.semco-tech.com\/fr\/#website\",\"url\":\"https:\/\/www.semco-tech.com\/fr\/\",\"name\":\"Semco\",\"description\":\"Semco\",\"publisher\":{\"@id\":\"https:\/\/www.semco-tech.com\/fr\/#organization\"},\"potentialAction\":[{\"@type\":\"SearchAction\",\"target\":{\"@type\":\"EntryPoint\",\"urlTemplate\":\"https:\/\/www.semco-tech.com\/fr\/?s={search_term_string}\"},\"query-input\":{\"@type\":\"PropertyValueSpecification\",\"valueRequired\":true,\"valueName\":\"search_term_string\"}}],\"inLanguage\":\"fr-FR\"},{\"@type\":\"Organization\",\"@id\":\"https:\/\/www.semco-tech.com\/fr\/#organization\",\"name\":\"Semco\",\"url\":\"https:\/\/www.semco-tech.com\/fr\/\",\"logo\":{\"@type\":\"ImageObject\",\"inLanguage\":\"fr-FR\",\"@id\":\"https:\/\/www.semco-tech.com\/fr\/#\/schema\/logo\/image\/\",\"url\":\"https:\/\/www.semco-tech.com\/wp-content\/uploads\/sites\/2\/2025\/01\/SEMCO_color-2.svg\",\"contentUrl\":\"https:\/\/www.semco-tech.com\/wp-content\/uploads\/sites\/2\/2025\/01\/SEMCO_color-2.svg\",\"width\":152,\"height\":50,\"caption\":\"Semco\"},\"image\":{\"@id\":\"https:\/\/www.semco-tech.com\/fr\/#\/schema\/logo\/image\/\"}}]}<\/script>\n<!-- \/ Yoast SEO plugin. -->","yoast_head_json":{"title":"Notre entreprise | Histoire, valeurs & expertises | SEMCO","description":"SEMCO est un acteur cl\u00e9 de l'industrie des semi-conducteurs gr\u00e2ce \u00e0 ses innovations. D\u00e9couvrez en plus sur l'entreprise.","robots":{"index":"index","follow":"follow","max-snippet":"max-snippet:-1","max-image-preview":"max-image-preview:large","max-video-preview":"max-video-preview:-1"},"canonical":"https:\/\/www.semco-tech.com\/fr\/notre-entreprise\/","og_locale":"fr_FR","og_type":"article","og_title":"Notre entreprise | Histoire, valeurs & expertises | SEMCO","og_description":"SEMCO est un acteur cl\u00e9 de l'industrie des semi-conducteurs gr\u00e2ce \u00e0 ses innovations. D\u00e9couvrez en plus sur l'entreprise.","og_url":"https:\/\/www.semco-tech.com\/fr\/notre-entreprise\/","og_site_name":"Semco","article_modified_time":"2026-01-09T08:47:33+00:00","twitter_card":"summary_large_image","twitter_misc":{"Dur\u00e9e de lecture estim\u00e9e":"6 minutes"},"schema":{"@context":"https:\/\/schema.org","@graph":[{"@type":"WebPage","@id":"https:\/\/www.semco-tech.com\/fr\/notre-entreprise\/","url":"https:\/\/www.semco-tech.com\/fr\/notre-entreprise\/","name":"Notre entreprise | Histoire, valeurs & expertises | SEMCO","isPartOf":{"@id":"https:\/\/www.semco-tech.com\/fr\/#website"},"datePublished":"2022-06-21T21:38:50+00:00","dateModified":"2026-01-09T08:47:33+00:00","description":"SEMCO est un acteur cl\u00e9 de l'industrie des semi-conducteurs gr\u00e2ce \u00e0 ses innovations. D\u00e9couvrez en plus sur l'entreprise.","breadcrumb":{"@id":"https:\/\/www.semco-tech.com\/fr\/notre-entreprise\/#breadcrumb"},"inLanguage":"fr-FR","potentialAction":[{"@type":"ReadAction","target":["https:\/\/www.semco-tech.com\/fr\/notre-entreprise\/"]}]},{"@type":"BreadcrumbList","@id":"https:\/\/www.semco-tech.com\/fr\/notre-entreprise\/#breadcrumb","itemListElement":[{"@type":"ListItem","position":1,"name":"Home","item":"https:\/\/www.semco-tech.com\/fr\/"},{"@type":"ListItem","position":2,"name":"Notre entreprise"}]},{"@type":"WebSite","@id":"https:\/\/www.semco-tech.com\/fr\/#website","url":"https:\/\/www.semco-tech.com\/fr\/","name":"Semco","description":"Semco","publisher":{"@id":"https:\/\/www.semco-tech.com\/fr\/#organization"},"potentialAction":[{"@type":"SearchAction","target":{"@type":"EntryPoint","urlTemplate":"https:\/\/www.semco-tech.com\/fr\/?s={search_term_string}"},"query-input":{"@type":"PropertyValueSpecification","valueRequired":true,"valueName":"search_term_string"}}],"inLanguage":"fr-FR"},{"@type":"Organization","@id":"https:\/\/www.semco-tech.com\/fr\/#organization","name":"Semco","url":"https:\/\/www.semco-tech.com\/fr\/","logo":{"@type":"ImageObject","inLanguage":"fr-FR","@id":"https:\/\/www.semco-tech.com\/fr\/#\/schema\/logo\/image\/","url":"https:\/\/www.semco-tech.com\/wp-content\/uploads\/sites\/2\/2025\/01\/SEMCO_color-2.svg","contentUrl":"https:\/\/www.semco-tech.com\/wp-content\/uploads\/sites\/2\/2025\/01\/SEMCO_color-2.svg","width":152,"height":50,"caption":"Semco"},"image":{"@id":"https:\/\/www.semco-tech.com\/fr\/#\/schema\/logo\/image\/"}}]}},"_links":{"self":[{"href":"https:\/\/www.semco-tech.com\/fr\/wp-json\/wp\/v2\/pages\/982","targetHints":{"allow":["GET"]}}],"collection":[{"href":"https:\/\/www.semco-tech.com\/fr\/wp-json\/wp\/v2\/pages"}],"about":[{"href":"https:\/\/www.semco-tech.com\/fr\/wp-json\/wp\/v2\/types\/page"}],"author":[{"embeddable":true,"href":"https:\/\/www.semco-tech.com\/fr\/wp-json\/wp\/v2\/users\/25"}],"replies":[{"embeddable":true,"href":"https:\/\/www.semco-tech.com\/fr\/wp-json\/wp\/v2\/comments?post=982"}],"version-history":[{"count":10,"href":"https:\/\/www.semco-tech.com\/fr\/wp-json\/wp\/v2\/pages\/982\/revisions"}],"predecessor-version":[{"id":5165,"href":"https:\/\/www.semco-tech.com\/fr\/wp-json\/wp\/v2\/pages\/982\/revisions\/5165"}],"wp:attachment":[{"href":"https:\/\/www.semco-tech.com\/fr\/wp-json\/wp\/v2\/media?parent=982"}],"curies":[{"name":"wp","href":"https:\/\/api.w.org\/{rel}","templated":true}]}}